{"id":945,"date":"2026-02-14T22:23:56","date_gmt":"2026-02-15T01:23:56","guid":{"rendered":"https:\/\/guilherme01.com\/?page_id=945"},"modified":"2026-02-14T22:28:01","modified_gmt":"2026-02-15T01:28:01","slug":"obrigado-joalheria","status":"publish","type":"page","link":"https:\/\/guilherme01.com\/index.php\/obrigado-joalheria\/","title":{"rendered":"Obrigado | Joalheria"},"content":{"rendered":"<p><img fetchpriority=\"high\" decoding=\"async\" width=\"1436\" height=\"1436\" src=\"https:\/\/guilherme01.com\/wp-content\/uploads\/2025\/03\/luz-2.png\" alt=\"\" srcset=\"https:\/\/guilherme01.com\/wp-content\/uploads\/2025\/03\/luz-2.png 1436w, https:\/\/guilherme01.com\/wp-content\/uploads\/2025\/03\/luz-2-300x300.png 300w, https:\/\/guilherme01.com\/wp-content\/uploads\/2025\/03\/luz-2-1024x1024.png 1024w, https:\/\/guilherme01.com\/wp-content\/uploads\/2025\/03\/luz-2-150x150.png 150w, https:\/\/guilherme01.com\/wp-content\/uploads\/2025\/03\/luz-2-768x768.png 768w\" sizes=\"(max-width: 1436px) 100vw, 1436px\" \/>\t\t\t\t\t\t\t\t\t\t\t\t\t\t\t\t\t\t\t\t\t\t\t\t\t\t<img decoding=\"async\" width=\"1093\" height=\"421\" src=\"https:\/\/guilherme01.com\/wp-content\/uploads\/2025\/03\/6logo-horizontal-branco.png\" alt=\"\" srcset=\"https:\/\/guilherme01.com\/wp-content\/uploads\/2025\/03\/6logo-horizontal-branco.png 1093w, https:\/\/guilherme01.com\/wp-content\/uploads\/2025\/03\/6logo-horizontal-branco-300x116.png 300w, https:\/\/guilherme01.com\/wp-content\/uploads\/2025\/03\/6logo-horizontal-branco-1024x394.png 1024w, https:\/\/guilherme01.com\/wp-content\/uploads\/2025\/03\/6logo-horizontal-branco-768x296.png 768w\" sizes=\"(max-width: 1093px) 100vw, 1093px\" \/>\t\t\t\t\t\t\t\t\t\t\t\t\t\t\t\t<\/p>\n<h2>Voc\u00ea est\u00e1 a um passo da escala da sua Joalheria<\/h2>\n<p>Recebemos o seu formul\u00e1rio, nosso time j\u00e1 est\u00e1 analisando suas respostas e muito em breve entraremos em contato com voc\u00ea<\/p>\n<p>\t\t\t\t\t\t\t\t\t\t\t\t\t<img decoding=\"async\" width=\"1775\" height=\"1453\" src=\"https:\/\/guilherme01.com\/wp-content\/uploads\/2025\/03\/quem-somos-1.png\" alt=\"\" srcset=\"https:\/\/guilherme01.com\/wp-content\/uploads\/2025\/03\/quem-somos-1.png 1775w, https:\/\/guilherme01.com\/wp-content\/uploads\/2025\/03\/quem-somos-1-300x246.png 300w, https:\/\/guilherme01.com\/wp-content\/uploads\/2025\/03\/quem-somos-1-1024x838.png 1024w, https:\/\/guilherme01.com\/wp-content\/uploads\/2025\/03\/quem-somos-1-768x629.png 768w, https:\/\/guilherme01.com\/wp-content\/uploads\/2025\/03\/quem-somos-1-1536x1257.png 1536w\" sizes=\"(max-width: 1775px) 100vw, 1775px\" \/>\t\t\t\t\t\t\t\t\t\t\t\t\t\t\t\t<\/p>\n<h2>\u00a9 Copyright 2025. Todos os direitos reservador. Desenvolvido por <strong> Growthly<\/h2>\n<\/style>\n<style>\n\/* width *\/\n::-webkit-scrollbar {\n  width: 5px;\n}\n\/* Track *\/\n::-webkit-scrollbar-track {\n  background: #7d2f05; \n}\n\/* Handle *\/\n::-webkit-scrollbar-thumb {\n  background: #ed7231; \n  border-radius: 5px;\n}\n\/* Handle on hover *\/\n::-webkit-scrollbar-thumb:hover {\n  background: #e55815; \n}\n<\/style>\n","protected":false},"excerpt":{"rendered":"<p>Voc\u00ea est\u00e1 a um passo da escala da sua Joalheria Recebemos o seu formul\u00e1rio, nosso time j\u00e1 est\u00e1 analisando suas respostas e muito em breve entraremos em contato com voc\u00ea \u00a9 Copyright 2025. Todos os direitos reservador. Desenvolvido por Growthly<\/p>\n","protected":false},"author":1,"featured_media":0,"parent":0,"menu_order":0,"comment_status":"closed","ping_status":"closed","template":"elementor_canvas","meta":{"_monsterinsights_skip_tracking":false,"_monsterinsights_sitenote_active":false,"_monsterinsights_sitenote_note":"","_monsterinsights_sitenote_category":0,"_uf_show_specific_survey":0,"_uf_disable_surveys":false,"footnotes":""},"class_list":["post-945","page","type-page","status-publish","hentry"],"_links":{"self":[{"href":"https:\/\/guilherme01.com\/index.php\/wp-json\/wp\/v2\/pages\/945","targetHints":{"allow":["GET"]}}],"collection":[{"href":"https:\/\/guilherme01.com\/index.php\/wp-json\/wp\/v2\/pages"}],"about":[{"href":"https:\/\/guilherme01.com\/index.php\/wp-json\/wp\/v2\/types\/page"}],"author":[{"embeddable":true,"href":"https:\/\/guilherme01.com\/index.php\/wp-json\/wp\/v2\/users\/1"}],"replies":[{"embeddable":true,"href":"https:\/\/guilherme01.com\/index.php\/wp-json\/wp\/v2\/comments?post=945"}],"version-history":[{"count":4,"href":"https:\/\/guilherme01.com\/index.php\/wp-json\/wp\/v2\/pages\/945\/revisions"}],"predecessor-version":[{"id":949,"href":"https:\/\/guilherme01.com\/index.php\/wp-json\/wp\/v2\/pages\/945\/revisions\/949"}],"wp:attachment":[{"href":"https:\/\/guilherme01.com\/index.php\/wp-json\/wp\/v2\/media?parent=945"}],"curies":[{"name":"wp","href":"https:\/\/api.w.org\/{rel}","templated":true}]}}